{"id":1483,"date":"2023-09-16T09:35:39","date_gmt":"2023-09-16T07:35:39","guid":{"rendered":"https:\/\/escaladereunion.fr\/?page_id=1483"},"modified":"2023-09-16T09:36:05","modified_gmt":"2023-09-16T07:36:05","slug":"faq","status":"publish","type":"page","link":"https:\/\/escaladereunion.fr\/index.php\/faq\/","title":{"rendered":"FAQ"},"content":{"rendered":"","protected":false},"excerpt":{"rendered":"","protected":false},"author":1,"featured_media":0,"parent":0,"menu_order":0,"comment_status":"closed","ping_status":"closed","template":"","meta":{"_uag_custom_page_level_css":"","_monsterinsights_skip_tracking":false,"_monsterinsights_sitenote_active":false,"_monsterinsights_sitenote_note":"","_monsterinsights_sitenote_category":0,"site-sidebar-layout":"no-sidebar","site-content-layout":"page-builder","ast-site-content-layout":"full-width-container","site-content-style":"default","site-sidebar-style":"default","ast-global-header-display":"","ast-banner-title-visibility":"","ast-main-header-display":"","ast-hfb-above-header-display":"","ast-hfb-below-header-display":"","ast-hfb-mobile-header-display":"","site-post-title":"disabled","ast-breadcrumbs-content":"","ast-featured-img":"disabled","footer-sml-layout":"","theme-transparent-header-meta":"","adv-header-id-meta":"","stick-header-meta":"","header-above-stick-meta":"","header-main-stick-meta":"","header-below-stick-meta":"","astra-migrate-meta-layouts":"set","ast-page-background-enabled":"default","ast-page-background-meta":{"desktop":{"background-color":"var(--ast-global-color-4)","background-image":"","background-repeat":"repeat","background-position":"center center","background-size":"auto","background-attachment":"scroll","background-type":"","background-media":"","overlay-type":"","overlay-color":"","overlay-opacity":"","overlay-gradient":""},"tablet":{"background-color":"","background-image":"","background-repeat":"repeat","background-position":"center center","background-size":"auto","background-attachment":"scroll","background-type":"","background-media":"","overlay-type":"","overlay-color":"","overlay-opacity":"","overlay-gradient":""},"mobile":{"background-color":"","background-image":"","background-repeat":"repeat","background-position":"center center","background-size":"auto","background-attachment":"scroll","background-type":"","background-media":"","overlay-type":"","overlay-color":"","overlay-opacity":"","overlay-gradient":""}},"ast-content-background-meta":{"desktop":{"background-color":"var(--ast-global-color-5)","background-image":"","background-repeat":"repeat","background-position":"center center","background-size":"auto","background-attachment":"scroll","background-type":"","background-media":"","overlay-type":"","overlay-color":"","overlay-opacity":"","overlay-gradient":""},"tablet":{"background-color":"var(--ast-global-color-5)","background-image":"","background-repeat":"repeat","background-position":"center center","background-size":"auto","background-attachment":"scroll","background-type":"","background-media":"","overlay-type":"","overlay-color":"","overlay-opacity":"","overlay-gradient":""},"mobile":{"background-color":"var(--ast-global-color-5)","background-image":"","background-repeat":"repeat","background-position":"center center","background-size":"auto","background-attachment":"scroll","background-type":"","background-media":"","overlay-type":"","overlay-color":"","overlay-opacity":"","overlay-gradient":""}},"footnotes":""},"class_list":["post-1483","page","type-page","status-publish","hentry"],"yoast_head":"<!-- This site is optimized with the Yoast SEO plugin v26.5 - https:\/\/yoast.com\/wordpress\/plugins\/seo\/ -->\n<title>FAQ - Escalade R\u00e9union<\/title>\n<meta name=\"robots\" content=\"index, follow, max-snippet:-1, max-image-preview:large, max-video-preview:-1\" \/>\n<link rel=\"canonical\" href=\"https:\/\/escaladereunion.fr\/index.php\/faq\/\" \/>\n<meta property=\"og:locale\" content=\"en_US\" \/>\n<meta property=\"og:type\" content=\"article\" \/>\n<meta property=\"og:title\" content=\"FAQ - Escalade R\u00e9union\" \/>\n<meta property=\"og:url\" content=\"https:\/\/escaladereunion.fr\/index.php\/faq\/\" \/>\n<meta property=\"og:site_name\" content=\"Escalade R\u00e9union\" \/>\n<meta property=\"article:modified_time\" content=\"2023-09-16T07:36:05+00:00\" \/>\n<meta property=\"og:image\" content=\"https:\/\/escaladereunion.fr\/wp-content\/uploads\/2023\/09\/cropped-Plan-de-travail-9.png\" \/>\n\t<meta property=\"og:image:width\" content=\"396\" \/>\n\t<meta property=\"og:image:height\" content=\"331\" \/>\n\t<meta property=\"og:image:type\" content=\"image\/png\" \/>\n<meta name=\"twitter:card\" content=\"summary_large_image\" \/>\n<script type=\"application\/ld+json\" class=\"yoast-schema-graph\">{\"@context\":\"https:\/\/schema.org\",\"@graph\":[{\"@type\":\"WebPage\",\"@id\":\"https:\/\/escaladereunion.fr\/index.php\/faq\/\",\"url\":\"https:\/\/escaladereunion.fr\/index.php\/faq\/\",\"name\":\"FAQ - Escalade R\u00e9union\",\"isPartOf\":{\"@id\":\"https:\/\/escaladereunion.fr\/#website\"},\"datePublished\":\"2023-09-16T07:35:39+00:00\",\"dateModified\":\"2023-09-16T07:36:05+00:00\",\"breadcrumb\":{\"@id\":\"https:\/\/escaladereunion.fr\/index.php\/faq\/#breadcrumb\"},\"inLanguage\":\"en-US\",\"potentialAction\":[{\"@type\":\"ReadAction\",\"target\":[\"https:\/\/escaladereunion.fr\/index.php\/faq\/\"]}]},{\"@type\":\"BreadcrumbList\",\"@id\":\"https:\/\/escaladereunion.fr\/index.php\/faq\/#breadcrumb\",\"itemListElement\":[{\"@type\":\"ListItem\",\"position\":1,\"name\":\"Accueil\",\"item\":\"https:\/\/escaladereunion.fr\/\"},{\"@type\":\"ListItem\",\"position\":2,\"name\":\"FAQ\"}]},{\"@type\":\"WebSite\",\"@id\":\"https:\/\/escaladereunion.fr\/#website\",\"url\":\"https:\/\/escaladereunion.fr\/\",\"name\":\"Escalade R\u00e9union\",\"description\":\"Tout sur l&#039;escalade \u00e0 la R\u00e9union\",\"publisher\":{\"@id\":\"https:\/\/escaladereunion.fr\/#organization\"},\"potentialAction\":[{\"@type\":\"SearchAction\",\"target\":{\"@type\":\"EntryPoint\",\"urlTemplate\":\"https:\/\/escaladereunion.fr\/?s={search_term_string}\"},\"query-input\":{\"@type\":\"PropertyValueSpecification\",\"valueRequired\":true,\"valueName\":\"search_term_string\"}}],\"inLanguage\":\"en-US\"},{\"@type\":\"Organization\",\"@id\":\"https:\/\/escaladereunion.fr\/#organization\",\"name\":\"Escalade R\u00e9union\",\"url\":\"https:\/\/escaladereunion.fr\/\",\"logo\":{\"@type\":\"ImageObject\",\"inLanguage\":\"en-US\",\"@id\":\"https:\/\/escaladereunion.fr\/#\/schema\/logo\/image\/\",\"url\":\"https:\/\/escaladereunion.fr\/wp-content\/uploads\/2023\/09\/cropped-Plan-de-travail-9-1.png\",\"contentUrl\":\"https:\/\/escaladereunion.fr\/wp-content\/uploads\/2023\/09\/cropped-Plan-de-travail-9-1.png\",\"width\":396,\"height\":422,\"caption\":\"Escalade R\u00e9union\"},\"image\":{\"@id\":\"https:\/\/escaladereunion.fr\/#\/schema\/logo\/image\/\"}}]}<\/script>\n<!-- \/ Yoast SEO plugin. -->","yoast_head_json":{"title":"FAQ - Escalade R\u00e9union","robots":{"index":"index","follow":"follow","max-snippet":"max-snippet:-1","max-image-preview":"max-image-preview:large","max-video-preview":"max-video-preview:-1"},"canonical":"https:\/\/escaladereunion.fr\/index.php\/faq\/","og_locale":"en_US","og_type":"article","og_title":"FAQ - Escalade R\u00e9union","og_url":"https:\/\/escaladereunion.fr\/index.php\/faq\/","og_site_name":"Escalade R\u00e9union","article_modified_time":"2023-09-16T07:36:05+00:00","og_image":[{"width":396,"height":331,"url":"https:\/\/escaladereunion.fr\/wp-content\/uploads\/2023\/09\/cropped-Plan-de-travail-9.png","type":"image\/png"}],"twitter_card":"summary_large_image","schema":{"@context":"https:\/\/schema.org","@graph":[{"@type":"WebPage","@id":"https:\/\/escaladereunion.fr\/index.php\/faq\/","url":"https:\/\/escaladereunion.fr\/index.php\/faq\/","name":"FAQ - Escalade R\u00e9union","isPartOf":{"@id":"https:\/\/escaladereunion.fr\/#website"},"datePublished":"2023-09-16T07:35:39+00:00","dateModified":"2023-09-16T07:36:05+00:00","breadcrumb":{"@id":"https:\/\/escaladereunion.fr\/index.php\/faq\/#breadcrumb"},"inLanguage":"en-US","potentialAction":[{"@type":"ReadAction","target":["https:\/\/escaladereunion.fr\/index.php\/faq\/"]}]},{"@type":"BreadcrumbList","@id":"https:\/\/escaladereunion.fr\/index.php\/faq\/#breadcrumb","itemListElement":[{"@type":"ListItem","position":1,"name":"Accueil","item":"https:\/\/escaladereunion.fr\/"},{"@type":"ListItem","position":2,"name":"FAQ"}]},{"@type":"WebSite","@id":"https:\/\/escaladereunion.fr\/#website","url":"https:\/\/escaladereunion.fr\/","name":"Escalade R\u00e9union","description":"Tout sur l&#039;escalade \u00e0 la R\u00e9union","publisher":{"@id":"https:\/\/escaladereunion.fr\/#organization"},"potentialAction":[{"@type":"SearchAction","target":{"@type":"EntryPoint","urlTemplate":"https:\/\/escaladereunion.fr\/?s={search_term_string}"},"query-input":{"@type":"PropertyValueSpecification","valueRequired":true,"valueName":"search_term_string"}}],"inLanguage":"en-US"},{"@type":"Organization","@id":"https:\/\/escaladereunion.fr\/#organization","name":"Escalade R\u00e9union","url":"https:\/\/escaladereunion.fr\/","logo":{"@type":"ImageObject","inLanguage":"en-US","@id":"https:\/\/escaladereunion.fr\/#\/schema\/logo\/image\/","url":"https:\/\/escaladereunion.fr\/wp-content\/uploads\/2023\/09\/cropped-Plan-de-travail-9-1.png","contentUrl":"https:\/\/escaladereunion.fr\/wp-content\/uploads\/2023\/09\/cropped-Plan-de-travail-9-1.png","width":396,"height":422,"caption":"Escalade R\u00e9union"},"image":{"@id":"https:\/\/escaladereunion.fr\/#\/schema\/logo\/image\/"}}]}},"uagb_featured_image_src":{"full":false,"thumbnail":false,"medium":false,"medium_large":false,"large":false,"1536x1536":false,"2048x2048":false},"uagb_author_info":{"display_name":"Marc Naegelen","author_link":"https:\/\/escaladereunion.fr\/index.php\/author\/admin8430\/"},"uagb_comment_info":0,"uagb_excerpt":null,"_links":{"self":[{"href":"https:\/\/escaladereunion.fr\/index.php\/wp-json\/wp\/v2\/pages\/1483","targetHints":{"allow":["GET"]}}],"collection":[{"href":"https:\/\/escaladereunion.fr\/index.php\/wp-json\/wp\/v2\/pages"}],"about":[{"href":"https:\/\/escaladereunion.fr\/index.php\/wp-json\/wp\/v2\/types\/page"}],"author":[{"embeddable":true,"href":"https:\/\/escaladereunion.fr\/index.php\/wp-json\/wp\/v2\/users\/1"}],"replies":[{"embeddable":true,"href":"https:\/\/escaladereunion.fr\/index.php\/wp-json\/wp\/v2\/comments?post=1483"}],"version-history":[{"count":0,"href":"https:\/\/escaladereunion.fr\/index.php\/wp-json\/wp\/v2\/pages\/1483\/revisions"}],"wp:attachment":[{"href":"https:\/\/escaladereunion.fr\/index.php\/wp-json\/wp\/v2\/media?parent=1483"}],"curies":[{"name":"wp","href":"https:\/\/api.w.org\/{rel}","templated":true}]}}